{"id":3,"date":"2020-03-11T19:38:21","date_gmt":"2020-03-11T18:38:21","guid":{"rendered":"http:\/\/bilingua-plus-potsdam.de\/wordpress?page_id=3"},"modified":"2025-08-04T12:10:32","modified_gmt":"2025-08-04T10:10:32","slug":"datenschutzerklaerung","status":"publish","type":"page","link":"https:\/\/bilingua-plus-potsdam.de\/wordpress\/datenschutzerklaerung\/","title":{"rendered":"Datenschutzerkl\u00e4rung"},"content":{"rendered":"\n<h4 class=\"wp-block-heading\">Wer wir sind<\/h4>\n\n\n\n<p>Die Adresse unserer Website ist: http:\/\/bilingua-plus-potsdam.de\/wordpress. <\/p>\n\n\n\n<h4 class=\"wp-block-heading\">DATENSCHUTZERKL\u00c4RUNG<\/h4>\n\n\n\n<p><strong>Datenschutz und Datensicherheit<\/strong>\n sind uns wichtig. Wir respektieren den Schutz Ihrer pers\u00f6nlichen Daten \nund m\u00f6chten, dass Sie wissen, wann wir welche Daten speichern und wie \nwir sie verwenden.<\/p>\n\n\n\n<p>Darum haben wir technische und organisatorische Ma\u00dfnahmen getroffen, \ndie sicherstellen, dass die Vorschriften \u00fcber den Datenschutz beachtet \nwerden. Neben der selbstverst\u00e4ndlichen Einhaltung der gesetzlichen \nBestimmungen zum Datenschutz m\u00f6chten wir uns mit diesen Hinweisen zum \nverantwortungsvollen Umgang mit Ihren Daten verpflichten, sodass Ihre \nPrivatsph\u00e4re zu jeder Zeit gesch\u00fctzt wird. Auf entsprechende Anfrage \nwerden \u00fcberlassene Informationen unverz\u00fcglich gel\u00f6scht. Uns ist es \nwichtig, dass Sie sich beim Besuch unserer Websites sicher und wohl \nf\u00fchlen.<\/p>\n\n\n\n<p>Die nachfolgenden Datenschutzrichtlinien erl\u00e4utern, welche \nInformationen wir auf unsere Webseite erfassen und wie diese genutzt \nwerden.<\/p>\n\n\n\n<p><strong>1. Personenbezogene Daten<\/strong><br>\nPersonenbezogene Daten sind Informationen, mit deren Hilfe eine Person \nbestimmbar ist, also Angaben, die zur\u00fcck zu einer Person verfolgt werden\n k\u00f6nnen. Darunter fallen Angaben wie Ihr Name, Adresse, Postanschrift \nund E-Mail-Adresse.<\/p>\n\n\n\n<p>Der Besuch unserer Websites ist in der Regel ohne Angabe \npersonenbezogener Daten m\u00f6glich. Personenbezogene Daten werden nur \nerhoben, wenn Sie uns diese von sich aus mitteilen.<\/p>\n\n\n\n<p>Bei Kontaktaufnahme (zum Beispiel per Kontaktformular oder E-Mail) \nwerden die Angaben der Nutzer*innen zwecks Bearbeitung der Anfrage sowie\n f\u00fcr den Fall, dass Anschlussfragen entstehen, gespeichert.<\/p>\n\n\n\n<p><strong>2. Verschl\u00fcsselung<\/strong><br>\nAus Sicherheitsgr\u00fcnden und zum Schutz der \u00dcbertragung vertraulicher \nInhalte, die an uns als Seitenbetreiber gesendet werden, nutzt unsere \nWebsite eine SSL- bzw. TLS-Verschl\u00fcsselung. Damit sind Daten, die Sie \n\u00fcber diese Website \u00fcbermitteln, f\u00fcr Dritte nicht mitlesbar. Eine \nverschl\u00fcsselte Verbindung ist an der \u201ehttps:\/\/\u201c Adresszeile des Browsers\n und am Schloss-Symbol neben der Adresszeile erkennbar. E-Mails selbst \nwerden nicht verschl\u00fcsselt.<\/p>\n\n\n\n<p><strong>3. Server Logfiles<\/strong><br>\nDiese Website erfasst mit jedem Aufruf der Website durch einen\/eine \nBesucher\/-in oder ein automatisiertes System allgemeine Daten und \nInformationen. Diese allgemeinen Daten und Informationen werden in den \nLogfiles des Servers gespeichert. Erfasst werden k\u00f6nnen die verwendeten \nBrowsertypen und Versionen, das vom zugreifenden System verwendete \nBetriebssystem, die Website, von welcher ein zugreifendes System auf \nunsere Website gelangt, die Unterwebsites, welche \u00fcber ein zugreifendes \nSystem auf unserer Website angesteuert werden, das Datum und die Uhrzeit\n eines Zugriffs auf die Website, eine Internet-Protokoll-Adresse, der \nInternet-Service-Provider des zugreifenden Systems und sonstige \u00e4hnliche\n Daten und Informationen, die der Gefahrenabwehr im Falle von Angriffen \nauf unsere informationstechnologischen Systeme dienen. Bei der Nutzung \ndieser allgemeinen Daten und Informationen ziehen wir keine R\u00fcckschl\u00fcsse\n auf den\/die Besucher\/-in. Diese Informationen werden vielmehr ben\u00f6tigt,\n um Strafverfolgungsbeh\u00f6rden im Falle eines Cyberangriffes die zur \nStrafverfolgung notwendigen Informationen bereitzustellen. Diese \nerhobenen Daten und Informationen werden durch uns daher einerseits \nstatistisch und ferner mit dem Ziel ausgewertet, den Datenschutz und die\n Datensicherheit bei uns zu erh\u00f6hen, um letztlich ein optimales \nSchutzniveau f\u00fcr die von uns verarbeiteten personenbezogenen Daten \nsicherzustellen. Die Daten der Server Logfiles werden getrennt von allen\n durch den\/die Besucher\/-in angegebenen personenbezogenen Daten \ngespeichert.<\/p>\n\n\n\n<p><strong>4. Weitergabe personenbezogener Informationen an Dritte<\/strong><br>\nWir geben Ihre Daten generell nicht an Dritte weiter. Alle bei und f\u00fcr \nuns t\u00e4tigen Personen sind an das Bundesdatenschutzgesetz (BDSG) und \nnachfolgende gesetzliche Vorschriften gebunden. Nur wenn wir gesetzlich \noder per Gerichtsbeschluss dazu verpflichtet werden, werden wir Ihre \nDaten an auskunftsberechtigte Stellen weitergeben.<\/p>\n\n\n\n<p><strong>5. Auskunftsrecht<\/strong><br>\nAuf Anforderung teilen wir Ihnen m\u00f6glichst umgehend entsprechend des \ngeltenden Rechts mit, ob und welche pers\u00f6nlichen Daten \u00fcber Sie bei uns \ngespeichert sind. Sollten trotz unserer Bem\u00fchungen um Datenrichtigkeit \nund Aktualit\u00e4t falsche Informationen gespeichert sein, werden wir diese \nauf Ihre Aufforderung hin berichtigen.<\/p>\n\n\n\n<p><strong>6. Widerrufsrecht<\/strong><br>\nSie k\u00f6nnen nach dem Bundesdatenschutzgesetz als Betroffener der Nutzung \nIhrer Daten jederzeit widersprechen. Wenn Sie sich an uns wenden, werden\n wir Sie umgehend f\u00fcr diese Verarbeitung sperren.<\/p>\n\n\n\n<p>Daneben haben Sie unter bestimmten Voraussetzungen ein Recht auf \nBerichtigung, Sperrung und L\u00f6schung der von uns gespeicherten Daten.<\/p>\n\n\n\n<p><strong>8. Technische Standards<\/strong><br>Unsere  Website wird bei \u00c4nderungen dem Stand der Technik fortlaufend  angepasst. Dennoch weisen wir darauf hin, dass der Datenschutz f\u00fcr  \u00dcbertragung von Daten innerhalb der Internets nach dem derzeitigen Stand  der Technik nicht umfassend gew\u00e4hrleistet werden kann. Andere Benutzer  des Internets sind unter Umst\u00e4nden technisch in der Lage, unbefugt in  die Netzsicherheit einzugreifen und den Nachrichtenverkehr zu  kontrollieren.<\/p>\n\n\n\n<p><strong>9. Zum Schluss<\/strong><br>Wir  behalten uns vor, diese Datenschutzerkl\u00e4rung gelegentlich anzupassen,  damit sie stets den aktuellen rechtlichen Anforderungen entspricht oder  um \u00c4nderungen unserer Leistungen in der Datenschutzerkl\u00e4rung zu  ber\u00fccksichtigen, beispielsweise bei der Einf\u00fchrung neuer Funktionen. F\u00fcr  erneuten Besuch gilt dann die neue Datenschutzerkl\u00e4rung.<\/p>\n\n\n\n<p><\/p>\n","protected":false},"excerpt":{"rendered":"<p>Wer wir sind Die Adresse unserer Website ist: http:\/\/bilingua-plus-potsdam.de\/wordpress. DATENSCHUTZERKL\u00c4RUNG Datenschutz und Datensicherheit sind uns wichtig. Wir respektieren den Schutz Ihrer pers\u00f6nlichen Daten und m\u00f6chten, dass Sie wissen, wann wir welche Daten speichern und wie wir sie verwenden. Darum haben wir technische und organisatorische Ma\u00dfnahmen getroffen, die sicherstellen, dass die Vorschriften \u00fcber den Datenschutz beachtet [&hellip;]<\/p>\n","protected":false},"author":1,"featured_media":0,"parent":0,"menu_order":0,"comment_status":"closed","ping_status":"closed","template":"","meta":{"footnotes":""},"class_list":["post-3","page","type-page","status-publish","hentry"],"_links":{"self":[{"href":"https:\/\/bilingua-plus-potsdam.de\/wordpress\/wp-json\/wp\/v2\/pages\/3","targetHints":{"allow":["GET"]}}],"collection":[{"href":"https:\/\/bilingua-plus-potsdam.de\/wordpress\/wp-json\/wp\/v2\/pages"}],"about":[{"href":"https:\/\/bilingua-plus-potsdam.de\/wordpress\/wp-json\/wp\/v2\/types\/page"}],"author":[{"embeddable":true,"href":"https:\/\/bilingua-plus-potsdam.de\/wordpress\/wp-json\/wp\/v2\/users\/1"}],"replies":[{"embeddable":true,"href":"https:\/\/bilingua-plus-potsdam.de\/wordpress\/wp-json\/wp\/v2\/comments?post=3"}],"version-history":[{"count":3,"href":"https:\/\/bilingua-plus-potsdam.de\/wordpress\/wp-json\/wp\/v2\/pages\/3\/revisions"}],"predecessor-version":[{"id":4126,"href":"https:\/\/bilingua-plus-potsdam.de\/wordpress\/wp-json\/wp\/v2\/pages\/3\/revisions\/4126"}],"wp:attachment":[{"href":"https:\/\/bilingua-plus-potsdam.de\/wordpress\/wp-json\/wp\/v2\/media?parent=3"}],"curies":[{"name":"wp","href":"https:\/\/api.w.org\/{rel}","templated":true}]}}